{"id":262,"date":"2016-04-08T09:29:24","date_gmt":"2016-04-08T09:29:24","guid":{"rendered":"http:\/\/arkeomat.com\/?page_id=262"},"modified":"2021-03-02T10:37:07","modified_gmt":"2021-03-02T10:37:07","slug":"servicios","status":"publish","type":"page","link":"https:\/\/arkeomat.com\/index.php\/servicios\/","title":{"rendered":"Servicios"},"content":{"rendered":"<p>\n<br \/><div class=\"one_half\"><\/p>\n<p>En Arkeomat estudiamos la cultura material procedente del registro arqueol\u00f3gico y otros elementos patrimoniales a partir de tres v\u00edas principales de actuaci\u00f3n:<\/p>\n<ol>\n<li>\u00a0Liderazgo y\/o participaci\u00f3n en proyectos de investigaci\u00f3n subvencionados<br \/>en convocatorias competitivas (regionales, nacionales e internacionales)<\/li>\n<li>Mediante proyectos colaborativos<\/li>\n<li>Servicios bajo contrato<\/li>\n<\/ol>\n<p><\/div><\/p>\n<p><div class=\"one_half last\"><\/p>\n<p>Ofrecemos experiencia en an\u00e1lisis e interpretaci\u00f3n arqueom\u00e9trica, asesoramiento sobre materiales y su estudio e investigaci\u00f3n multidisciplinar en Arqueolog\u00eda.<br \/>Contamos con la aplicaci\u00f3n de t\u00e9cnicas de \u00faltima tecnolog\u00eda para el estudio arqueom\u00e9trico en el seno de la Universidad del Pa\u00eds Vasco (UPV\/EHU):<\/p>\n<ul>\n<li>Espectrometr\u00eda de Masas con Plasma Acoplado Inductivamente (ICP-MS )<\/li>\n<li>Espectroscop\u00eda Raman<\/li>\n<li>Espectroscop\u00eda Infraroja (IR)<\/li>\n<li>Microscop\u00eda electr\u00f3nica de barrido\u00a0(SEM\/EDX)<\/li>\n<li>Difracci\u00f3n de Rayos X (DRX)<\/li>\n<li>Fluorescencia de Rayos X (FRX)<\/li>\n<li>Microscop\u00eda \u00f3ptica<\/li>\n<\/ul>\n<p><\/div><br \/><div class=\"clear\"><\/div><br \/><\/p>\n<form role=\"search\" method=\"get\" action=\"https:\/\/arkeomat.com\/\" class=\"wp-block-search__button-outside wp-block-search__text-button wp-block-search\"    ><label class=\"wp-block-search__label\" for=\"wp-block-search__input-1\" >Buscar en este sitio web<\/label><\/p>\n<div class=\"wp-block-search__inside-wrapper \" ><input class=\"wp-block-search__input\" id=\"wp-block-search__input-1\" placeholder=\"\" value=\"\" type=\"search\" name=\"s\" required \/><button aria-label=\"Buscar\" class=\"wp-block-search__button wp-element-button\" type=\"submit\" >Buscar<\/button><\/div>\n<\/form>\n","protected":false},"excerpt":{"rendered":"","protected":false},"author":1,"featured_media":0,"parent":0,"menu_order":0,"comment_status":"closed","ping_status":"closed","template":"template-fullwidth.php","meta":{"jetpack_post_was_ever_published":false,"footnotes":""},"jetpack_sharing_enabled":true,"jetpack_shortlink":"https:\/\/wp.me\/P7fUqg-4e","_links":{"self":[{"href":"https:\/\/arkeomat.com\/index.php\/wp-json\/wp\/v2\/pages\/262"}],"collection":[{"href":"https:\/\/arkeomat.com\/index.php\/wp-json\/wp\/v2\/pages"}],"about":[{"href":"https:\/\/arkeomat.com\/index.php\/wp-json\/wp\/v2\/types\/page"}],"author":[{"embeddable":true,"href":"https:\/\/arkeomat.com\/index.php\/wp-json\/wp\/v2\/users\/1"}],"replies":[{"embeddable":true,"href":"https:\/\/arkeomat.com\/index.php\/wp-json\/wp\/v2\/comments?post=262"}],"version-history":[{"count":8,"href":"https:\/\/arkeomat.com\/index.php\/wp-json\/wp\/v2\/pages\/262\/revisions"}],"predecessor-version":[{"id":936,"href":"https:\/\/arkeomat.com\/index.php\/wp-json\/wp\/v2\/pages\/262\/revisions\/936"}],"wp:attachment":[{"href":"https:\/\/arkeomat.com\/index.php\/wp-json\/wp\/v2\/media?parent=262"}],"curies":[{"name":"wp","href":"https:\/\/api.w.org\/{rel}","templated":true}]}}