{"id":342,"date":"2016-06-02T19:44:15","date_gmt":"2016-06-02T19:44:15","guid":{"rendered":"http:\/\/arkeomat.com\/?page_id=342"},"modified":"2021-03-04T17:25:14","modified_gmt":"2021-03-04T17:25:14","slug":"catalogacion-2","status":"publish","type":"page","link":"https:\/\/arkeomat.com\/index.php\/info\/catalogacion-2\/","title":{"rendered":"Catalogaci\u00f3n"},"content":{"rendered":"<p><a href=\"http:\/\/arkeomat.com\/wp-content\/uploads\/2016\/06\/catalogacion-01.png\"><img loading=\"lazy\" decoding=\"async\" class=\"aligncenter size-full wp-image-586\" src=\"http:\/\/arkeomat.com\/wp-content\/uploads\/2016\/06\/catalogacion-01.png\" alt=\"catalogacion-01\" width=\"1304\" height=\"528\" srcset=\"https:\/\/arkeomat.com\/wp-content\/uploads\/2016\/06\/catalogacion-01.png 1304w, https:\/\/arkeomat.com\/wp-content\/uploads\/2016\/06\/catalogacion-01-600x243.png 600w, https:\/\/arkeomat.com\/wp-content\/uploads\/2016\/06\/catalogacion-01-300x121.png 300w, https:\/\/arkeomat.com\/wp-content\/uploads\/2016\/06\/catalogacion-01-768x311.png 768w, https:\/\/arkeomat.com\/wp-content\/uploads\/2016\/06\/catalogacion-01-1024x415.png 1024w, https:\/\/arkeomat.com\/wp-content\/uploads\/2016\/06\/catalogacion-01-50x20.png 50w\" sizes=\"(max-width: 1304px) 100vw, 1304px\" \/><\/a><\/p>\n<h3 style=\"text-align: center;\">En Arkeomat registramos todos los fragmentos cer\u00e1micos que llegan a nuestras manos<\/h3>\n<hr \/>\n<div class=\"one_fourth\"><b>SELECI\u00d3N<\/b><\/div>\n<div class=\"one_half\">Antes de nada, se realiza una selecci\u00f3n de las muestras disponibles, de acuerdo con sus caracter\u00edsticas y las preguntas arqueol\u00f3gicas que deseamos responder.<\/div>\n<div class=\"one_fourth last\"> <\/div>\n<div class=\"clear\"><\/div>\n<p><strong><br \/>\n<\/strong><\/p>\n<hr \/>\n<div class=\"one_fourth\"><strong>FOTOGRAF\u00cdA<\/strong><\/div>\n<div class=\"one_half\">\n<p>En primer lugar, se realizan fotograf\u00edas de todas y cada una de las muestras, las cuales pueden contemplar\u00a0diferentes tipolog\u00edas existentes y sus particularidades, tales como platos, bodoques, cuencos, copas o tr\u00e9bedes, entre otras.<\/p>\n<p>Para conseguir una reproducci\u00f3n lo m\u00e1s fidedigna en cuanto a los colores de las piezas cer\u00e1micas. Para ello se sigue un proceso espec\u00edfico en la obtenci\u00f3n de las fotograf\u00edas que incluye el uso de un corrector de color (Color Checker Passport de XRite\u00ae).<\/p>\n<p>Se obtienen una foto delantera y una trasera de cada pieza y con el sistema de iluminaci\u00f3n que se ilustra en la Figura 1. Controlando las condiciones lum\u00ednicas, y con el uso de la tarjeta de referencia para los colores (Figura 2), se generado perfiles de color espec\u00edficos que se aplican a continuaci\u00f3n para garantizar la generaci\u00f3n de un registro visual reproducible que garantice la fidelidad crom\u00e1tica.<\/p>\n<\/div>\n<div class=\"one_fourth last\"><img loading=\"lazy\" decoding=\"async\" class=\"aligncenter size-full wp-image-345\" src=\"http:\/\/arkeomat.com\/wp-content\/uploads\/2016\/06\/Catalogacion_1.jpg\" alt=\"Catalogacion_1\" width=\"572\" height=\"448\" srcset=\"https:\/\/arkeomat.com\/wp-content\/uploads\/2016\/06\/Catalogacion_1.jpg 572w, https:\/\/arkeomat.com\/wp-content\/uploads\/2016\/06\/Catalogacion_1-300x235.jpg 300w, https:\/\/arkeomat.com\/wp-content\/uploads\/2016\/06\/Catalogacion_1-50x39.jpg 50w\" sizes=\"(max-width: 572px) 100vw, 572px\" \/><\/p>\n<p><img loading=\"lazy\" decoding=\"async\" class=\"aligncenter wp-image-346 size-full\" src=\"http:\/\/arkeomat.com\/wp-content\/uploads\/2016\/06\/Catalogacion_2.jpg\" alt=\"Catalogacion_2\" width=\"299\" height=\"393\" srcset=\"https:\/\/arkeomat.com\/wp-content\/uploads\/2016\/06\/Catalogacion_2.jpg 299w, https:\/\/arkeomat.com\/wp-content\/uploads\/2016\/06\/Catalogacion_2-228x300.jpg 228w, https:\/\/arkeomat.com\/wp-content\/uploads\/2016\/06\/Catalogacion_2-38x50.jpg 38w\" sizes=\"(max-width: 299px) 100vw, 299px\" \/><\/div>\n<div class=\"clear\"><\/div>\n<hr \/>\n<div class=\"one_fourth\"><b>DIBUJO ARQUEOL\u00d3GICO<\/b><\/div>\n<div class=\"one_half\">Se realizan dibujos arqueol\u00f3gicos de todos los fragmentos, con el fin de conocer mejor la tipolog\u00eda de las piezas originales.<\/div>\n<div class=\"one_fourth last\"><\/div>\n<div class=\"clear\"><\/div>\n<hr \/>\n<div class=\"one_fourth\"><strong>RECONSTRUCCI\u00d3N VIRTUAL<\/strong><\/div>\n<div class=\"one_half\">Para aquellas piezas m\u00e1s significativas, se puede llevar a cabo una reconstrucci\u00f3n virtual.<\/div>\n<div class=\"one_fourth last\"><img loading=\"lazy\" decoding=\"async\" class=\"aligncenter size-full wp-image-352\" src=\"http:\/\/arkeomat.com\/wp-content\/uploads\/2016\/06\/reconstruccion_virtual.jpg\" alt=\"reconstruccion_virtual\" width=\"705\" height=\"415\" srcset=\"https:\/\/arkeomat.com\/wp-content\/uploads\/2016\/06\/reconstruccion_virtual.jpg 705w, https:\/\/arkeomat.com\/wp-content\/uploads\/2016\/06\/reconstruccion_virtual-600x353.jpg 600w, https:\/\/arkeomat.com\/wp-content\/uploads\/2016\/06\/reconstruccion_virtual-300x177.jpg 300w, https:\/\/arkeomat.com\/wp-content\/uploads\/2016\/06\/reconstruccion_virtual-50x29.jpg 50w\" sizes=\"(max-width: 705px) 100vw, 705px\" \/><\/div>\n<div class=\"clear\"><\/div>\n<hr \/>\n<div class=\"one_fourth\">\u00a0<strong>CREACI\u00d3N DE CATALOGO\u00a0<\/strong><\/div>\n<div class=\"one_half\">A partir de todos los datos anteriores, se crea una base de datos, que incluye fichas individuales para cada fragmento estudiado, en el que se guardan, las fotos y los perfiles, as\u00ed como todos los datos que obtenemos hasta la fecha sobre el resquicio cer\u00e1mico.<\/div>\n<div class=\"one_fourth last\"> <\/div>\n<div class=\"one_fourth last\">\n<div class=\"button-container default center \"><a target=\"_self\" class=\"button gray\" href=\"https:\/\/arkeomat.com\/?page_id=941&amp;\/\">Cat\u00e1logo de Cer\u00e1micas<\/a><\/div>\n<div class=\"clear\"><\/div>\n<\/div>\n<div class=\"clear\"><\/div>\n","protected":false},"excerpt":{"rendered":"<p>En Arkeomat registramos todos los fragmentos cer\u00e1micos que llegan a nuestras manos<\/p>\n","protected":false},"author":1,"featured_media":0,"parent":7,"menu_order":0,"comment_status":"closed","ping_status":"closed","template":"","meta":{"jetpack_post_was_ever_published":false,"footnotes":""},"jetpack_sharing_enabled":true,"jetpack_shortlink":"https:\/\/wp.me\/P7fUqg-5w","_links":{"self":[{"href":"https:\/\/arkeomat.com\/index.php\/wp-json\/wp\/v2\/pages\/342"}],"collection":[{"href":"https:\/\/arkeomat.com\/index.php\/wp-json\/wp\/v2\/pages"}],"about":[{"href":"https:\/\/arkeomat.com\/index.php\/wp-json\/wp\/v2\/types\/page"}],"author":[{"embeddable":true,"href":"https:\/\/arkeomat.com\/index.php\/wp-json\/wp\/v2\/users\/1"}],"replies":[{"embeddable":true,"href":"https:\/\/arkeomat.com\/index.php\/wp-json\/wp\/v2\/comments?post=342"}],"version-history":[{"count":41,"href":"https:\/\/arkeomat.com\/index.php\/wp-json\/wp\/v2\/pages\/342\/revisions"}],"predecessor-version":[{"id":989,"href":"https:\/\/arkeomat.com\/index.php\/wp-json\/wp\/v2\/pages\/342\/revisions\/989"}],"up":[{"embeddable":true,"href":"https:\/\/arkeomat.com\/index.php\/wp-json\/wp\/v2\/pages\/7"}],"wp:attachment":[{"href":"https:\/\/arkeomat.com\/index.php\/wp-json\/wp\/v2\/media?parent=342"}],"curies":[{"name":"wp","href":"https:\/\/api.w.org\/{rel}","templated":true}]}}