{"id":365,"date":"2016-06-02T20:41:42","date_gmt":"2016-06-02T20:41:42","guid":{"rendered":"http:\/\/arkeomat.com\/?page_id=365"},"modified":"2021-03-01T14:58:14","modified_gmt":"2021-03-01T14:58:14","slug":"analisis","status":"publish","type":"page","link":"https:\/\/arkeomat.com\/index.php\/info\/analisis\/","title":{"rendered":"An\u00e1lisis"},"content":{"rendered":"<p><strong>T\u00e9cnicas Anal\u00edticas:<\/strong><\/p>\n<p>En Arkeomat disponemos acceso a diversas t\u00e9cnicas anal\u00edticas, que nos permiten conocer mejor la proveniencia de las cer\u00e1micas, as\u00ed como la tecnolog\u00eda empleada en su manufactura.<\/p>\n<figure class=\"wp-block-jetpack-image-compare\">\n<div class=\"juxtapose\" data-mode=\"horizontal\"><img loading=\"lazy\" decoding=\"async\" id=\"918\" src=\"http:\/\/arkeomat.com\/wp-content\/uploads\/2021\/03\/derecha-3.png\" alt=\"\" width=\"736\" height=\"551\" class=\"image-compare__image-before\"\/><img loading=\"lazy\" decoding=\"async\" id=\"919\" src=\"http:\/\/arkeomat.com\/wp-content\/uploads\/2021\/03\/izquierda-3.png\" alt=\"\" width=\"729\" height=\"553\" class=\"image-compare__image-after\"\/><\/div>\n<\/figure>\n<p>\u00a0<\/p>\n<p>\u00a0<\/p>\n<div class=\"two_thirds last\">\n<p>\u00a0<\/p>\n<\/div>\n<p><\/p>\n<div class=\"clear\"><\/div>\n<\/p>\n<hr \/>\n<p>\u00a0<\/p>\n<h3 style=\"text-align: center;\">\u00a0<\/h3>\n<h3 style=\"text-align: left;\">\u00a0<\/h3>\n<h3 style=\"text-align: left;\">\u00a0<\/h3>\n<h3 style=\"text-align: left;\">\u00a0<\/h3>\n<h3 style=\"text-align: center;\">\u00a0<\/h3>\n","protected":false},"excerpt":{"rendered":"<p>T\u00e9cnicas Anal\u00edticas: En Arkeomat disponemos acceso a diversas t\u00e9cnicas anal\u00edticas, que nos permiten conocer mejor la proveniencia de las cer\u00e1micas, as\u00ed como la tecnolog\u00eda empleada en su manufactura. \u00a0 \u00a0 \u00a0 \u00a0 \u00a0 \u00a0 \u00a0 \u00a0<\/p>\n","protected":false},"author":1,"featured_media":0,"parent":7,"menu_order":0,"comment_status":"closed","ping_status":"closed","template":"","meta":{"jetpack_post_was_ever_published":false,"footnotes":""},"jetpack_sharing_enabled":true,"jetpack_shortlink":"https:\/\/wp.me\/P7fUqg-5T","_links":{"self":[{"href":"https:\/\/arkeomat.com\/index.php\/wp-json\/wp\/v2\/pages\/365"}],"collection":[{"href":"https:\/\/arkeomat.com\/index.php\/wp-json\/wp\/v2\/pages"}],"about":[{"href":"https:\/\/arkeomat.com\/index.php\/wp-json\/wp\/v2\/types\/page"}],"author":[{"embeddable":true,"href":"https:\/\/arkeomat.com\/index.php\/wp-json\/wp\/v2\/users\/1"}],"replies":[{"embeddable":true,"href":"https:\/\/arkeomat.com\/index.php\/wp-json\/wp\/v2\/comments?post=365"}],"version-history":[{"count":41,"href":"https:\/\/arkeomat.com\/index.php\/wp-json\/wp\/v2\/pages\/365\/revisions"}],"predecessor-version":[{"id":920,"href":"https:\/\/arkeomat.com\/index.php\/wp-json\/wp\/v2\/pages\/365\/revisions\/920"}],"up":[{"embeddable":true,"href":"https:\/\/arkeomat.com\/index.php\/wp-json\/wp\/v2\/pages\/7"}],"wp:attachment":[{"href":"https:\/\/arkeomat.com\/index.php\/wp-json\/wp\/v2\/media?parent=365"}],"curies":[{"name":"wp","href":"https:\/\/api.w.org\/{rel}","templated":true}]}}