{"id":372,"date":"2016-06-03T10:00:23","date_gmt":"2016-06-03T10:00:23","guid":{"rendered":"http:\/\/arkeomat.com\/?page_id=372"},"modified":"2016-10-21T16:35:23","modified_gmt":"2016-10-21T16:35:23","slug":"difusion","status":"publish","type":"page","link":"https:\/\/arkeomat.com\/index.php\/info\/difusion\/","title":{"rendered":"Difusi\u00f3n"},"content":{"rendered":"<p>Proximamente aqu\u00ed se podr\u00e1n consultar la lista de publicaciones relacionadas con el trabajo realizado en Arkeomat as\u00ed como los contenidos generados.<\/p>\n","protected":false},"excerpt":{"rendered":"<p>Proximamente aqu\u00ed se podr\u00e1n consultar la lista de publicaciones relacionadas con el trabajo realizado en Arkeomat as\u00ed como los contenidos generados.<\/p>\n","protected":false},"author":1,"featured_media":0,"parent":7,"menu_order":0,"comment_status":"closed","ping_status":"closed","template":"","meta":{"jetpack_post_was_ever_published":false,"footnotes":""},"jetpack_sharing_enabled":true,"jetpack_shortlink":"https:\/\/wp.me\/P7fUqg-60","_links":{"self":[{"href":"https:\/\/arkeomat.com\/index.php\/wp-json\/wp\/v2\/pages\/372"}],"collection":[{"href":"https:\/\/arkeomat.com\/index.php\/wp-json\/wp\/v2\/pages"}],"about":[{"href":"https:\/\/arkeomat.com\/index.php\/wp-json\/wp\/v2\/types\/page"}],"author":[{"embeddable":true,"href":"https:\/\/arkeomat.com\/index.php\/wp-json\/wp\/v2\/users\/1"}],"replies":[{"embeddable":true,"href":"https:\/\/arkeomat.com\/index.php\/wp-json\/wp\/v2\/comments?post=372"}],"version-history":[{"count":6,"href":"https:\/\/arkeomat.com\/index.php\/wp-json\/wp\/v2\/pages\/372\/revisions"}],"predecessor-version":[{"id":703,"href":"https:\/\/arkeomat.com\/index.php\/wp-json\/wp\/v2\/pages\/372\/revisions\/703"}],"up":[{"embeddable":true,"href":"https:\/\/arkeomat.com\/index.php\/wp-json\/wp\/v2\/pages\/7"}],"wp:attachment":[{"href":"https:\/\/arkeomat.com\/index.php\/wp-json\/wp\/v2\/media?parent=372"}],"curies":[{"name":"wp","href":"https:\/\/api.w.org\/{rel}","templated":true}]}}