{"id":1904,"date":"2021-07-14T14:46:34","date_gmt":"2021-07-14T14:46:34","guid":{"rendered":"https:\/\/arkeomat.com\/?post_type=product&#038;p=1904"},"modified":"2021-07-14T14:46:34","modified_gmt":"2021-07-14T14:46:34","slug":"ord039","status":"publish","type":"product","link":"https:\/\/arkeomat.com\/index.php\/producto\/ord039\/","title":{"rendered":"ORD039"},"content":{"rendered":"<p>Cer\u00e1mica hallada en el yacimiento de Zaharra 24-30, ubicado en Ordu\u00f1a (P\u00e1is Vasco). En este yacimiento se realiz\u00f3 una intervenci\u00f3n arqueolog\u00f3gica en 2001 y posteriormente se llevaron a cabo varios trabajos arqueom\u00e9tricos permitiendo caracterizar la producci\u00f3n cer\u00e1mica local. Actualmente, los materiales obtenidos se encuentran en Bizkaiko Arkeologia Museoa.<br \/>\nCronolog\u00eda:  1735-1765<br \/>\nTipolog\u00eda: Sin vidriar<br \/>\nForma:  Tr\u00e9bede (Producci\u00f3n cer\u00e1mica)<br \/>\nGrupo qu\u00edmico: Sin determinar<br \/>\nDatos qu\u00edmicos:  http:\/\/hdl.handle.net\/10810\/42596<br \/>\nReferencias: https:\/\/doi.org\/10.1016\/j.jasrep.2018.10.019<\/p>\n","protected":false},"excerpt":{"rendered":"<p>Cer\u00e1mica hallada en el yacimiento de Zaharra 24-30, ubicado en Ordu\u00f1a (P\u00e1is Vasco). En este yacimiento se realiz\u00f3 una intervenci\u00f3n arqueolog\u00f3gica en 2001 y posteriormente se llevaron a cabo varios trabajos arqueom\u00e9tricos permitiendo caracterizar la producci\u00f3n cer\u00e1mica local. Actualmente, los materiales obtenidos se encuentran en Bizkaiko Arkeologia Museoa. Cronolog\u00eda: 1735-1765 Tipolog\u00eda: Sin vidriar Forma: Tr\u00e9bede<a href=\"https:\/\/arkeomat.com\/index.php\/producto\/ord039\/\">[&#8230;]<\/a><\/p>\n","protected":false},"featured_media":1137,"template":"","meta":{"jetpack_post_was_ever_published":false},"product_cat":[46],"product_tag":[60],"jetpack_sharing_enabled":true,"_links":{"self":[{"href":"https:\/\/arkeomat.com\/index.php\/wp-json\/wp\/v2\/product\/1904"}],"collection":[{"href":"https:\/\/arkeomat.com\/index.php\/wp-json\/wp\/v2\/product"}],"about":[{"href":"https:\/\/arkeomat.com\/index.php\/wp-json\/wp\/v2\/types\/product"}],"wp:featuredmedia":[{"embeddable":true,"href":"https:\/\/arkeomat.com\/index.php\/wp-json\/wp\/v2\/media\/1137"}],"wp:attachment":[{"href":"https:\/\/arkeomat.com\/index.php\/wp-json\/wp\/v2\/media?parent=1904"}],"wp:term":[{"taxonomy":"product_cat","embeddable":true,"href":"https:\/\/arkeomat.com\/index.php\/wp-json\/wp\/v2\/product_cat?post=1904"},{"taxonomy":"product_tag","embeddable":true,"href":"https:\/\/arkeomat.com\/index.php\/wp-json\/wp\/v2\/product_tag?post=1904"}],"curies":[{"name":"wp","href":"https:\/\/api.w.org\/{rel}","templated":true}]}}