{"id":1981,"date":"2021-07-14T14:46:48","date_gmt":"2021-07-14T14:46:48","guid":{"rendered":"https:\/\/arkeomat.com\/?post_type=product&#038;p=1981"},"modified":"2021-07-14T14:46:48","modified_gmt":"2021-07-14T14:46:48","slug":"naj019","status":"publish","type":"product","link":"https:\/\/arkeomat.com\/index.php\/producto\/naj019\/","title":{"rendered":"NAJ019"},"content":{"rendered":"<p>Cer\u00e1mica hallada en el Alc\u00e1zar de N\u00e1jera, ubicado en N\u00e1jera (La Rioja). Este yacimiento se excav\u00f3 en 2002 y posteriormente se realizaron varios trabajos arqueom\u00e9tricos. Actualmente, los materiales obtenidos se encuentran en Museo Najerillense.<br \/>\nCronolog\u00eda:  1500-1600<br \/>\nTipolog\u00eda: Vidriado Estannifero<br \/>\nForma:  Escudilla (Servicio de mesa)<br \/>\nGrupo qu\u00edmico: NAJ_A<br \/>\nDatos qu\u00edmicos:  http:\/\/hdl.handle.net\/10810\/42596<\/p>\n","protected":false},"excerpt":{"rendered":"<p>Cer\u00e1mica hallada en el Alc\u00e1zar de N\u00e1jera, ubicado en N\u00e1jera (La Rioja). Este yacimiento se excav\u00f3 en 2002 y posteriormente se realizaron varios trabajos arqueom\u00e9tricos. Actualmente, los materiales obtenidos se encuentran en Museo Najerillense. Cronolog\u00eda: 1500-1600 Tipolog\u00eda: Vidriado Estannifero Forma: Escudilla (Servicio de mesa) Grupo qu\u00edmico: NAJ_A Datos qu\u00edmicos: http:\/\/hdl.handle.net\/10810\/42596<\/p>\n","protected":false},"featured_media":1290,"template":"","meta":{"jetpack_post_was_ever_published":false},"product_cat":[69],"product_tag":[52],"jetpack_sharing_enabled":true,"_links":{"self":[{"href":"https:\/\/arkeomat.com\/index.php\/wp-json\/wp\/v2\/product\/1981"}],"collection":[{"href":"https:\/\/arkeomat.com\/index.php\/wp-json\/wp\/v2\/product"}],"about":[{"href":"https:\/\/arkeomat.com\/index.php\/wp-json\/wp\/v2\/types\/product"}],"wp:featuredmedia":[{"embeddable":true,"href":"https:\/\/arkeomat.com\/index.php\/wp-json\/wp\/v2\/media\/1290"}],"wp:attachment":[{"href":"https:\/\/arkeomat.com\/index.php\/wp-json\/wp\/v2\/media?parent=1981"}],"wp:term":[{"taxonomy":"product_cat","embeddable":true,"href":"https:\/\/arkeomat.com\/index.php\/wp-json\/wp\/v2\/product_cat?post=1981"},{"taxonomy":"product_tag","embeddable":true,"href":"https:\/\/arkeomat.com\/index.php\/wp-json\/wp\/v2\/product_tag?post=1981"}],"curies":[{"name":"wp","href":"https:\/\/api.w.org\/{rel}","templated":true}]}}