{"id":1994,"date":"2021-07-14T14:46:51","date_gmt":"2021-07-14T14:46:51","guid":{"rendered":"https:\/\/arkeomat.com\/?post_type=product&#038;p=1994"},"modified":"2021-07-14T14:46:51","modified_gmt":"2021-07-14T14:46:51","slug":"naj032","status":"publish","type":"product","link":"https:\/\/arkeomat.com\/index.php\/producto\/naj032\/","title":{"rendered":"NAJ032"},"content":{"rendered":"<p>Cer\u00e1mica hallada en el Alc\u00e1zar de N\u00e1jera, ubicado en N\u00e1jera (La Rioja). Este yacimiento se excav\u00f3 en 2002 y posteriormente se realizaron varios trabajos arqueom\u00e9tricos. Actualmente, los materiales obtenidos se encuentran en Museo Najerillense.<br \/>\nCronolog\u00eda:  1500-1600<br \/>\nTipolog\u00eda: Vidriado Estannifero<br \/>\nForma:  Taza (Servicio de mesa)<br \/>\nGrupo qu\u00edmico: TAL<br \/>\nDatos qu\u00edmicos:  http:\/\/hdl.handle.net\/10810\/42596<\/p>\n","protected":false},"excerpt":{"rendered":"<p>Cer\u00e1mica hallada en el Alc\u00e1zar de N\u00e1jera, ubicado en N\u00e1jera (La Rioja). Este yacimiento se excav\u00f3 en 2002 y posteriormente se realizaron varios trabajos arqueom\u00e9tricos. Actualmente, los materiales obtenidos se encuentran en Museo Najerillense. Cronolog\u00eda: 1500-1600 Tipolog\u00eda: Vidriado Estannifero Forma: Taza (Servicio de mesa) Grupo qu\u00edmico: TAL Datos qu\u00edmicos: http:\/\/hdl.handle.net\/10810\/42596<\/p>\n","protected":false},"featured_media":1316,"template":"","meta":{"jetpack_post_was_ever_published":false},"product_cat":[69],"product_tag":[70],"jetpack_sharing_enabled":true,"_links":{"self":[{"href":"https:\/\/arkeomat.com\/index.php\/wp-json\/wp\/v2\/product\/1994"}],"collection":[{"href":"https:\/\/arkeomat.com\/index.php\/wp-json\/wp\/v2\/product"}],"about":[{"href":"https:\/\/arkeomat.com\/index.php\/wp-json\/wp\/v2\/types\/product"}],"wp:featuredmedia":[{"embeddable":true,"href":"https:\/\/arkeomat.com\/index.php\/wp-json\/wp\/v2\/media\/1316"}],"wp:attachment":[{"href":"https:\/\/arkeomat.com\/index.php\/wp-json\/wp\/v2\/media?parent=1994"}],"wp:term":[{"taxonomy":"product_cat","embeddable":true,"href":"https:\/\/arkeomat.com\/index.php\/wp-json\/wp\/v2\/product_cat?post=1994"},{"taxonomy":"product_tag","embeddable":true,"href":"https:\/\/arkeomat.com\/index.php\/wp-json\/wp\/v2\/product_tag?post=1994"}],"curies":[{"name":"wp","href":"https:\/\/api.w.org\/{rel}","templated":true}]}}