{"id":2037,"date":"2021-07-14T14:46:59","date_gmt":"2021-07-14T14:46:59","guid":{"rendered":"https:\/\/arkeomat.com\/?post_type=product&#038;p=2037"},"modified":"2021-07-14T14:46:59","modified_gmt":"2021-07-14T14:46:59","slug":"naj079","status":"publish","type":"product","link":"https:\/\/arkeomat.com\/index.php\/producto\/naj079\/","title":{"rendered":"NAJ079"},"content":{"rendered":"<p>Cer\u00e1mica hallada en el Alc\u00e1zar de N\u00e1jera ubicado en N\u00e1jera La Rioja Este yacimiento se excav\u00f3 en 2009 y posteriormente se realizaron varios trabajos arqueom\u00e9tricos.<br \/>\nCronolog\u00eda:  1500-1610<br \/>\nTipolog\u00eda: Vidriado Estannifero<br \/>\nForma:  Jarra (Servicio de mesa)<br \/>\nGrupo qu\u00edmico: NAJ_A<br \/>\nDatos qu\u00edmicos:  http:\/\/hdl.handle.net\/10810\/42596<\/p>\n","protected":false},"excerpt":{"rendered":"<p>Cer\u00e1mica hallada en el Alc\u00e1zar de N\u00e1jera ubicado en N\u00e1jera La Rioja Este yacimiento se excav\u00f3 en 2009 y posteriormente se realizaron varios trabajos arqueom\u00e9tricos. Cronolog\u00eda: 1500-1610 Tipolog\u00eda: Vidriado Estannifero Forma: Jarra (Servicio de mesa) Grupo qu\u00edmico: NAJ_A Datos qu\u00edmicos: http:\/\/hdl.handle.net\/10810\/42596<\/p>\n","protected":false},"featured_media":1402,"template":"","meta":{"jetpack_post_was_ever_published":false},"product_cat":[69],"product_tag":[51],"jetpack_sharing_enabled":true,"_links":{"self":[{"href":"https:\/\/arkeomat.com\/index.php\/wp-json\/wp\/v2\/product\/2037"}],"collection":[{"href":"https:\/\/arkeomat.com\/index.php\/wp-json\/wp\/v2\/product"}],"about":[{"href":"https:\/\/arkeomat.com\/index.php\/wp-json\/wp\/v2\/types\/product"}],"wp:featuredmedia":[{"embeddable":true,"href":"https:\/\/arkeomat.com\/index.php\/wp-json\/wp\/v2\/media\/1402"}],"wp:attachment":[{"href":"https:\/\/arkeomat.com\/index.php\/wp-json\/wp\/v2\/media?parent=2037"}],"wp:term":[{"taxonomy":"product_cat","embeddable":true,"href":"https:\/\/arkeomat.com\/index.php\/wp-json\/wp\/v2\/product_cat?post=2037"},{"taxonomy":"product_tag","embeddable":true,"href":"https:\/\/arkeomat.com\/index.php\/wp-json\/wp\/v2\/product_tag?post=2037"}],"curies":[{"name":"wp","href":"https:\/\/api.w.org\/{rel}","templated":true}]}}