{"id":2053,"date":"2021-07-14T14:47:02","date_gmt":"2021-07-14T14:47:02","guid":{"rendered":"https:\/\/arkeomat.com\/?post_type=product&#038;p=2053"},"modified":"2021-07-14T14:47:02","modified_gmt":"2021-07-14T14:47:02","slug":"naj098","status":"publish","type":"product","link":"https:\/\/arkeomat.com\/index.php\/producto\/naj098\/","title":{"rendered":"NAJ098"},"content":{"rendered":"<p>Cer\u00e1mica hallada en el Alc\u00e1zar de N\u00e1jera ubicado en N\u00e1jera La Rioja Este yacimiento se excav\u00f3 en 2009 y posteriormente se realizaron varios trabajos arqueom\u00e9tricos.<br \/>\nCronolog\u00eda:  1500-1626<br \/>\nTipolog\u00eda: Sin vidriar<br \/>\nForma:  Olla (Dom\u00e9stica)<br \/>\nGrupo qu\u00edmico: MIC<br \/>\nDatos qu\u00edmicos:  http:\/\/hdl.handle.net\/10810\/42596<\/p>\n","protected":false},"excerpt":{"rendered":"<p>Cer\u00e1mica hallada en el Alc\u00e1zar de N\u00e1jera ubicado en N\u00e1jera La Rioja Este yacimiento se excav\u00f3 en 2009 y posteriormente se realizaron varios trabajos arqueom\u00e9tricos. Cronolog\u00eda: 1500-1626 Tipolog\u00eda: Sin vidriar Forma: Olla (Dom\u00e9stica) Grupo qu\u00edmico: MIC Datos qu\u00edmicos: http:\/\/hdl.handle.net\/10810\/42596<\/p>\n","protected":false},"featured_media":1434,"template":"","meta":{"jetpack_post_was_ever_published":false},"product_cat":[69],"product_tag":[65],"jetpack_sharing_enabled":true,"_links":{"self":[{"href":"https:\/\/arkeomat.com\/index.php\/wp-json\/wp\/v2\/product\/2053"}],"collection":[{"href":"https:\/\/arkeomat.com\/index.php\/wp-json\/wp\/v2\/product"}],"about":[{"href":"https:\/\/arkeomat.com\/index.php\/wp-json\/wp\/v2\/types\/product"}],"wp:featuredmedia":[{"embeddable":true,"href":"https:\/\/arkeomat.com\/index.php\/wp-json\/wp\/v2\/media\/1434"}],"wp:attachment":[{"href":"https:\/\/arkeomat.com\/index.php\/wp-json\/wp\/v2\/media?parent=2053"}],"wp:term":[{"taxonomy":"product_cat","embeddable":true,"href":"https:\/\/arkeomat.com\/index.php\/wp-json\/wp\/v2\/product_cat?post=2053"},{"taxonomy":"product_tag","embeddable":true,"href":"https:\/\/arkeomat.com\/index.php\/wp-json\/wp\/v2\/product_tag?post=2053"}],"curies":[{"name":"wp","href":"https:\/\/api.w.org\/{rel}","templated":true}]}}