{"id":2059,"date":"2021-07-14T14:47:03","date_gmt":"2021-07-14T14:47:03","guid":{"rendered":"https:\/\/arkeomat.com\/?post_type=product&#038;p=2059"},"modified":"2021-07-14T14:47:03","modified_gmt":"2021-07-14T14:47:03","slug":"log003","status":"publish","type":"product","link":"https:\/\/arkeomat.com\/index.php\/producto\/log003\/","title":{"rendered":"LOG003"},"content":{"rendered":"<p>Cer\u00e1mica hallada en el yacimiento de Hospital Viejo , ubicado en Logro\u00f1o (La Rioja). Este yacimiento se excav\u00f3 en 2009 y posteriormente se realizaron varios trabajos arqueom\u00e9tricos.<br \/>\nCronolog\u00eda:  1290-1350<br \/>\nTipolog\u00eda: Vidriado plumb\u00edfero<br \/>\nForma:  Jarro<br \/>\n (Servicio de mesa)<br \/>\nGrupo qu\u00edmico: LOG_C<br \/>\nDatos qu\u00edmicos:  http:\/\/hdl.handle.net\/10810\/42596<\/p>\n","protected":false},"excerpt":{"rendered":"<p>Cer\u00e1mica hallada en el yacimiento de Hospital Viejo , ubicado en Logro\u00f1o (La Rioja). Este yacimiento se excav\u00f3 en 2009 y posteriormente se realizaron varios trabajos arqueom\u00e9tricos. Cronolog\u00eda: 1290-1350 Tipolog\u00eda: Vidriado plumb\u00edfero Forma: Jarro (Servicio de mesa) Grupo qu\u00edmico: LOG_C Datos qu\u00edmicos: http:\/\/hdl.handle.net\/10810\/42596<\/p>\n","protected":false},"featured_media":1446,"template":"","meta":{"jetpack_post_was_ever_published":false},"product_cat":[77],"product_tag":[79],"jetpack_sharing_enabled":true,"_links":{"self":[{"href":"https:\/\/arkeomat.com\/index.php\/wp-json\/wp\/v2\/product\/2059"}],"collection":[{"href":"https:\/\/arkeomat.com\/index.php\/wp-json\/wp\/v2\/product"}],"about":[{"href":"https:\/\/arkeomat.com\/index.php\/wp-json\/wp\/v2\/types\/product"}],"wp:featuredmedia":[{"embeddable":true,"href":"https:\/\/arkeomat.com\/index.php\/wp-json\/wp\/v2\/media\/1446"}],"wp:attachment":[{"href":"https:\/\/arkeomat.com\/index.php\/wp-json\/wp\/v2\/media?parent=2059"}],"wp:term":[{"taxonomy":"product_cat","embeddable":true,"href":"https:\/\/arkeomat.com\/index.php\/wp-json\/wp\/v2\/product_cat?post=2059"},{"taxonomy":"product_tag","embeddable":true,"href":"https:\/\/arkeomat.com\/index.php\/wp-json\/wp\/v2\/product_tag?post=2059"}],"curies":[{"name":"wp","href":"https:\/\/api.w.org\/{rel}","templated":true}]}}