{"id":2099,"date":"2021-07-14T14:47:10","date_gmt":"2021-07-14T14:47:10","guid":{"rendered":"https:\/\/arkeomat.com\/?post_type=product&#038;p=2099"},"modified":"2021-07-14T14:47:10","modified_gmt":"2021-07-14T14:47:10","slug":"log052","status":"publish","type":"product","link":"https:\/\/arkeomat.com\/index.php\/producto\/log052\/","title":{"rendered":"LOG052"},"content":{"rendered":"<p>Cer\u00e1mica hallada en el yacimiento de Hospital Viejo , ubicado en Logro\u00f1o (La Rioja). Este yacimiento se excav\u00f3 en 2009 y posteriormente se realizaron varios trabajos arqueom\u00e9tricos.<br \/>\nCronolog\u00eda:  1350-1400<br \/>\nTipolog\u00eda: Vidriado plumb\u00edfero<br \/>\nForma:  Indefinida (Indefinida)<br \/>\nGrupo qu\u00edmico: LOG_B<br \/>\nDatos qu\u00edmicos:  http:\/\/hdl.handle.net\/10810\/42596<\/p>\n","protected":false},"excerpt":{"rendered":"<p>Cer\u00e1mica hallada en el yacimiento de Hospital Viejo , ubicado en Logro\u00f1o (La Rioja). Este yacimiento se excav\u00f3 en 2009 y posteriormente se realizaron varios trabajos arqueom\u00e9tricos. Cronolog\u00eda: 1350-1400 Tipolog\u00eda: Vidriado plumb\u00edfero Forma: Indefinida (Indefinida) Grupo qu\u00edmico: LOG_B Datos qu\u00edmicos: http:\/\/hdl.handle.net\/10810\/42596<\/p>\n","protected":false},"featured_media":1526,"template":"","meta":{"jetpack_post_was_ever_published":false},"product_cat":[77],"product_tag":[84],"jetpack_sharing_enabled":true,"_links":{"self":[{"href":"https:\/\/arkeomat.com\/index.php\/wp-json\/wp\/v2\/product\/2099"}],"collection":[{"href":"https:\/\/arkeomat.com\/index.php\/wp-json\/wp\/v2\/product"}],"about":[{"href":"https:\/\/arkeomat.com\/index.php\/wp-json\/wp\/v2\/types\/product"}],"wp:featuredmedia":[{"embeddable":true,"href":"https:\/\/arkeomat.com\/index.php\/wp-json\/wp\/v2\/media\/1526"}],"wp:attachment":[{"href":"https:\/\/arkeomat.com\/index.php\/wp-json\/wp\/v2\/media?parent=2099"}],"wp:term":[{"taxonomy":"product_cat","embeddable":true,"href":"https:\/\/arkeomat.com\/index.php\/wp-json\/wp\/v2\/product_cat?post=2099"},{"taxonomy":"product_tag","embeddable":true,"href":"https:\/\/arkeomat.com\/index.php\/wp-json\/wp\/v2\/product_tag?post=2099"}],"curies":[{"name":"wp","href":"https:\/\/api.w.org\/{rel}","templated":true}]}}